{"id":370,"date":"2025-06-02T18:15:55","date_gmt":"2025-06-02T18:15:55","guid":{"rendered":"https:\/\/saaraclinica.com.br\/?page_id=370"},"modified":"2025-06-02T18:35:51","modified_gmt":"2025-06-02T18:35:51","slug":"area-do-paciente","status":"publish","type":"page","link":"https:\/\/saaraclinica.com.br\/index.php\/area-do-paciente\/","title":{"rendered":"\u00c1rea do Paciente"},"content":{"rendered":"<p>[et_pb_section fb_built=&#8221;1&#8243; _builder_version=&#8221;4.27.4&#8243; _module_preset=&#8221;default&#8221; background_color=&#8221;#C5845E&#8221; background_enable_image=&#8221;off&#8221; global_colors_info=&#8221;{}&#8221;][et_pb_row column_structure=&#8221;2_3,1_3&#8243; _builder_version=&#8221;4.27.4&#8243; _module_preset=&#8221;default&#8221; max_width=&#8221;1200px&#8221; custom_margin=&#8221;15em||||false|false&#8221; global_colors_info=&#8221;{}&#8221;][et_pb_column type=&#8221;2_3&#8243; _builder_version=&#8221;4.27.4&#8243; _module_preset=&#8221;default&#8221; global_colors_info=&#8221;{}&#8221;][et_pb_text _builder_version=&#8221;4.27.4&#8243; _module_preset=&#8221;_initial&#8221; text_text_color=&#8221;#3B200A&#8221; text_font_size=&#8221;20px&#8221; text_line_height=&#8221;1em&#8221; header_text_color=&#8221;#FFFFFF&#8221; header_font_size=&#8221;60px&#8221; header_2_font_size=&#8221;33px&#8221; header_3_font_size=&#8221;26px&#8221; header_4_font_size=&#8221;20px&#8221; hover_enabled=&#8221;0&#8243; global_colors_info=&#8221;{}&#8221; header_font=&#8221;&#8211;et_global_heading_font||||||||&#8221; sticky_enabled=&#8221;0&#8243;]<\/p>\n<h1>\u00c1rea do Paciente<\/h1>\n<p>[\/et_pb_text][\/et_pb_column][et_pb_column type=&#8221;1_3&#8243; _builder_version=&#8221;4.27.4&#8243; _module_preset=&#8221;default&#8221; global_colors_info=&#8221;{}&#8221;][\/et_pb_column][\/et_pb_row][\/et_pb_section][et_pb_section fb_built=&#8221;1&#8243; _builder_version=&#8221;4.27.4&#8243; _module_preset=&#8221;default&#8221; background_color=&#8221;#FBF4F3&#8243; background_image=&#8221;https:\/\/saaraclinica.com.br\/wp-content\/uploads\/2025\/06\/Grafismo_1.png&#8221; background_size=&#8221;initial&#8221; background_position=&#8221;center_left&#8221; custom_padding=&#8221;||5em||false|false&#8221; global_colors_info=&#8221;{}&#8221;][et_pb_row column_structure=&#8221;1_2,1_2&#8243; _builder_version=&#8221;4.27.4&#8243; _module_preset=&#8221;default&#8221; width_tablet=&#8221;&#8221; width_phone=&#8221;&#8221; width_last_edited=&#8221;on|desktop&#8221; max_width=&#8221;1200px&#8221; module_alignment=&#8221;center&#8221; global_colors_info=&#8221;{}&#8221;][et_pb_column type=&#8221;1_2&#8243; _builder_version=&#8221;4.27.4&#8243; _module_preset=&#8221;default&#8221; global_colors_info=&#8221;{}&#8221;][dsm_floating_multi_images _builder_version=&#8221;4.27.4&#8243; _module_preset=&#8221;default&#8221; global_colors_info=&#8221;{}&#8221;][dsm_floating_multi_images_child src=&#8221;https:\/\/saaraclinica.com.br\/wp-content\/uploads\/2025\/06\/iStock-1473155464-1.jpg&#8221; _builder_version=&#8221;4.27.4&#8243; _module_preset=&#8221;default&#8221; max_width=&#8221;100%&#8221; border_radii=&#8221;on|20px|20px|20px|20px&#8221; global_colors_info=&#8221;{}&#8221;][\/dsm_floating_multi_images_child][\/dsm_floating_multi_images][\/et_pb_column][et_pb_column type=&#8221;1_2&#8243; _builder_version=&#8221;4.27.4&#8243; _module_preset=&#8221;default&#8221; global_colors_info=&#8221;{}&#8221;][et_pb_divider show_divider=&#8221;off&#8221; _builder_version=&#8221;4.27.4&#8243; _module_preset=&#8221;default&#8221; custom_margin=&#8221;20px||20px||false|false&#8221; global_colors_info=&#8221;{}&#8221;][\/et_pb_divider][et_pb_text _builder_version=&#8221;4.27.4&#8243; _module_preset=&#8221;_initial&#8221; header_text_color=&#8221;#3B200A&#8221; header_font_size=&#8221;42px&#8221; header_2_text_color=&#8221;#92522D&#8221; header_2_font_size=&#8221;33px&#8221; header_3_font_size=&#8221;26px&#8221; header_4_font_size=&#8221;20px&#8221; global_colors_info=&#8221;{}&#8221;]<\/p>\n<h2>Estamos com voc\u00ea em cada passo da sua jornada<\/h2>\n<p>[\/et_pb_text][et_pb_text _builder_version=&#8221;4.27.4&#8243; _module_preset=&#8221;_initial&#8221; text_text_color=&#8221;#3B200A&#8221; header_text_color=&#8221;#92522D&#8221; header_font_size=&#8221;42px&#8221; header_2_font_size=&#8221;33px&#8221; header_3_font_size=&#8221;26px&#8221; header_4_font_size=&#8221;20px&#8221; global_colors_info=&#8221;{}&#8221;]<\/p>\n<p>Cuidar de voc\u00ea \u00e9 nossa prioridade. Por isso, h\u00e1 d\u00e9cadas oferecemos um processo de anestesia mais seguro, humano e tranquilo, para que voc\u00ea se sinta amparado antes, durante e depois do seu procedimento.<\/p>\n<p>[\/et_pb_text][\/et_pb_column][\/et_pb_row][\/et_pb_section][et_pb_section fb_built=&#8221;1&#8243; _builder_version=&#8221;4.27.4&#8243; _module_preset=&#8221;default&#8221; background_color=&#8221;#3B200A&#8221; background_enable_image=&#8221;off&#8221; background_size=&#8221;initial&#8221; background_position=&#8221;center_left&#8221; custom_padding=&#8221;2em||1em||false|false&#8221; global_colors_info=&#8221;{}&#8221;][et_pb_row _builder_version=&#8221;4.27.4&#8243; _module_preset=&#8221;default&#8221; width_tablet=&#8221;&#8221; width_phone=&#8221;&#8221; width_last_edited=&#8221;on|desktop&#8221; max_width=&#8221;1200px&#8221; module_alignment=&#8221;center&#8221; global_colors_info=&#8221;{}&#8221;][et_pb_column type=&#8221;4_4&#8243; _builder_version=&#8221;4.27.4&#8243; _module_preset=&#8221;default&#8221; global_colors_info=&#8221;{}&#8221;][et_pb_text _builder_version=&#8221;4.27.4&#8243; _module_preset=&#8221;_initial&#8221; header_text_color=&#8221;#3B200A&#8221; header_font_size=&#8221;42px&#8221; header_2_text_color=&#8221;#FFFFFF&#8221; header_2_font_size=&#8221;33px&#8221; header_3_font_size=&#8221;26px&#8221; header_4_font_size=&#8221;20px&#8221; global_colors_info=&#8221;{}&#8221;]<\/p>\n<h2>Orienta\u00e7\u00f5es de cuidado<\/h2>\n<p>[\/et_pb_text][\/et_pb_column][\/et_pb_row][\/et_pb_section][et_pb_section fb_built=&#8221;1&#8243; _builder_version=&#8221;4.27.4&#8243; _module_preset=&#8221;default&#8221; background_color=&#8221;#FBF4F3&#8243; background_enable_image=&#8221;off&#8221; background_size=&#8221;contain&#8221; background_position=&#8221;center_left&#8221; global_colors_info=&#8221;{}&#8221;][et_pb_row _builder_version=&#8221;4.27.4&#8243; _module_preset=&#8221;default&#8221; max_width=&#8221;1200px&#8221; global_colors_info=&#8221;{}&#8221;][et_pb_column type=&#8221;4_4&#8243; _builder_version=&#8221;4.27.4&#8243; _module_preset=&#8221;default&#8221; global_colors_info=&#8221;{}&#8221;][et_pb_toggle title=&#8221;Antes do procedimento&#8221; open_toggle_text_color=&#8221;#92522D&#8221; closed_toggle_text_color=&#8221;#92522D&#8221; icon_color=&#8221;#92522D&#8221; toggle_icon=&#8221;&#x4c;||divi||400&#8243; open_icon_color=&#8221;#92522D&#8221; open_toggle_icon=&#8221;&#x4b;||divi||400&#8243; _builder_version=&#8221;4.27.4&#8243; _module_preset=&#8221;default&#8221; title_text_color=&#8221;#3B200A&#8221; title_font_size=&#8221;26px&#8221; closed_title_font_size=&#8221;26px&#8221; background_color=&#8221;#FBF4F3&#8243; hover_enabled=&#8221;0&#8243; border_radii=&#8221;on|40px|40px|40px|40px&#8221; border_width_all=&#8221;2px&#8221; border_color_all=&#8221;#92522D&#8221; global_colors_info=&#8221;{}&#8221; sticky_enabled=&#8221;0&#8243;]<\/p>\n<p>Este \u00e9 o momento de se preparar e de nos conhecermos.<\/p>\n<p>Na consulta pr\u00e9-anest\u00e9sica, o anestesiologista conversa com voc\u00ea, avalia sua sa\u00fade, revisa exames e planeja a melhor t\u00e9cnica anest\u00e9sica para o seu caso. Aqui tamb\u00e9m orientamos sobre jejum, uso de medicamentos, alergias, comorbidades e demais cuidados importantes.<\/p>\n<p><strong>Checklist pr\u00e9-procedimento:<\/strong><\/p>\n<ul>\n<li>Siga corretamente o tempo de jejum.<\/li>\n<li>Informe qualquer sintoma novo (tosse, febre, resfriado).<\/li>\n<li>Retire acess\u00f3rios, maquiagem, pr\u00f3teses e unhas artificiais.<\/li>\n<li>Siga as orienta\u00e7\u00f5es sobre uso ou suspens\u00e3o de medicamentos.<\/li>\n<li>Esteja com um acompanhante, se indicado.<\/li>\n<\/ul>\n<p>[\/et_pb_toggle][et_pb_toggle title=&#8221;Durante o procedimento&#8221; open_toggle_text_color=&#8221;#92522D&#8221; closed_toggle_text_color=&#8221;#92522D&#8221; icon_color=&#8221;#92522D&#8221; toggle_icon=&#8221;&#x4c;||divi||400&#8243; open_icon_color=&#8221;#92522D&#8221; open_toggle_icon=&#8221;&#x4b;||divi||400&#8243; _builder_version=&#8221;4.27.4&#8243; _module_preset=&#8221;default&#8221; title_text_color=&#8221;#3B200A&#8221; title_font_size=&#8221;26px&#8221; closed_title_font_size=&#8221;26px&#8221; background_color=&#8221;#FBF4F3&#8243; border_radii=&#8221;on|40px|40px|40px|40px&#8221; border_width_all=&#8221;2px&#8221; border_color_all=&#8221;#92522D&#8221; global_colors_info=&#8221;{}&#8221;]<\/p>\n<p>Voc\u00ea estar\u00e1 em boas m\u00e3os.<\/p>\n<p>Durante a anestesia, nossa equipe monitora atentamente seus sinais vitais, como batimentos card\u00edacos, press\u00e3o arterial, respira\u00e7\u00e3o e n\u00edveis de oxig\u00eanio. Em alguns casos, usamos tecnologias adicionais para garantir ainda mais precis\u00e3o e seguran\u00e7a.<\/p>\n<p>Seja qual for a t\u00e9cnica usada (geral, raquianestesia, peridural ou seda\u00e7\u00e3o), nosso foco \u00e9 seu bem-estar.<\/p>\n<p>[\/et_pb_toggle][et_pb_toggle title=&#8221;Depois do procedimento&#8221; open_toggle_text_color=&#8221;#92522D&#8221; closed_toggle_text_color=&#8221;#92522D&#8221; icon_color=&#8221;#92522D&#8221; toggle_icon=&#8221;&#x4c;||divi||400&#8243; open_icon_color=&#8221;#92522D&#8221; open_toggle_icon=&#8221;&#x4b;||divi||400&#8243; _builder_version=&#8221;4.27.4&#8243; _module_preset=&#8221;default&#8221; title_text_color=&#8221;#3B200A&#8221; title_font_size=&#8221;26px&#8221; closed_title_font_size=&#8221;26px&#8221; background_color=&#8221;#FBF4F3&#8243; border_radii=&#8221;on|40px|40px|40px|40px&#8221; border_width_all=&#8221;2px&#8221; border_color_all=&#8221;#92522D&#8221; global_colors_info=&#8221;{}&#8221;]<\/p>\n<p>O cuidado continua mesmo depois da cirurgia.<\/p>\n<p>Ap\u00f3s a anestesia, \u00e9 normal sentir um pouco de sonol\u00eancia ou dificuldade de equil\u00edbrio. Por isso, nas primeiras 24 horas:<\/p>\n<p>N\u00e3o dirija, n\u00e3o opere m\u00e1quinas e evite decis\u00f5es importantes.<\/p>\n<ul>\n<li>Mantenha membros anestesiados protegidos at\u00e9 que a sensibilidade volte.<\/li>\n<li>Prefira alimentos mais leves.<\/li>\n<li>Siga todas as orienta\u00e7\u00f5es m\u00e9dicas.<\/li>\n<li>Em caso de d\u00favida, entre em contato com sua equipe de sa\u00fade.<\/li>\n<\/ul>\n<p>Se voc\u00ea for crian\u00e7a ou respons\u00e1vel por uma, os mesmos cuidados se aplicam, com aten\u00e7\u00e3o redobrada e presen\u00e7a obrigat\u00f3ria de um acompanhante.<\/p>\n<p>[\/et_pb_toggle][\/et_pb_column][\/et_pb_row][et_pb_row use_custom_gutter=&#8221;on&#8221; gutter_width=&#8221;2&#8243; _builder_version=&#8221;4.27.4&#8243; _module_preset=&#8221;default&#8221; max_width=&#8221;1200px&#8221; custom_padding=&#8221;3em||0px||false|false&#8221; global_colors_info=&#8221;{}&#8221;][et_pb_column type=&#8221;4_4&#8243; _builder_version=&#8221;4.27.4&#8243; _module_preset=&#8221;default&#8221; global_colors_info=&#8221;{}&#8221;][et_pb_text _builder_version=&#8221;4.27.4&#8243; _module_preset=&#8221;_initial&#8221; header_text_color=&#8221;#3B200A&#8221; header_font_size=&#8221;42px&#8221; header_2_text_color=&#8221;#3B200A&#8221; header_2_font_size=&#8221;33px&#8221; header_3_font_size=&#8221;26px&#8221; header_4_font_size=&#8221;20px&#8221; text_orientation=&#8221;center&#8221; global_colors_info=&#8221;{}&#8221;]<\/p>\n<h2>Baixe nossos PDFs de Orienta\u00e7\u00f5es Pr\u00e9 e P\u00f3s Anest\u00e9sicas<\/h2>\n<p>[\/et_pb_text][\/et_pb_column][\/et_pb_row][et_pb_row column_structure=&#8221;1_4,1_4,1_4,1_4&#8243; use_custom_gutter=&#8221;on&#8221; gutter_width=&#8221;1&#8243; _builder_version=&#8221;4.27.4&#8243; _module_preset=&#8221;default&#8221; max_width=&#8221;1200px&#8221; global_colors_info=&#8221;{}&#8221;][et_pb_column type=&#8221;1_4&#8243; _builder_version=&#8221;4.27.4&#8243; _module_preset=&#8221;default&#8221; global_colors_info=&#8221;{}&#8221;][dsm_button _builder_version=&#8221;4.27.4&#8243; _module_preset=&#8221;default&#8221; button_one_url_type=&#8221;download&#8221; button_one_url_new_window=&#8221;on&#8221; title_text=&#8221;04.05.01- Orientac\u0327a\u0303o_Pre\u0301_e_Po\u0301s_Aneste\u0301sicasA4 &#8211; Crianc\u0327as&#8221; button_one_download_file=&#8221;https:\/\/saaraclinica.com.br\/wp-content\/uploads\/2025\/06\/04.05.01-Orientacao_Pre_e_Pos_AnestesicasA4-Criancas.pdf&#8221; button_one_text=&#8221;Pacientes Pedi\u00e1tricos e Resp.&#8221; custom_button_one=&#8221;on&#8221; button_one_text_size=&#8221;16px&#8221; button_one_text_color=&#8221;#92522D&#8221; button_one_border_radius=&#8221;30px&#8221; button_one_use_icon=&#8221;off&#8221; button_one_border_color__hover_enabled=&#8221;on|hover&#8221; hover_enabled=&#8221;0&#8243; sticky_enabled=&#8221;0&#8243; button_one_border_color__hover=&#8221;RGBA(255,255,255,0)&#8221; button_one_bg_color__hover_enabled=&#8221;on|hover&#8221; button_one_bg_color__hover=&#8221;#92522D&#8221; button_one_bg_enable_color__hover=&#8221;on&#8221; button_one_text_color__hover_enabled=&#8221;on|hover&#8221; button_one_text_color__hover=&#8221;#FBF4F3&#8243; button_alignment=&#8221;center&#8221;][\/dsm_button][\/et_pb_column][et_pb_column type=&#8221;1_4&#8243; _builder_version=&#8221;4.27.4&#8243; _module_preset=&#8221;default&#8221; global_colors_info=&#8221;{}&#8221;][dsm_button _builder_version=&#8221;4.27.4&#8243; _module_preset=&#8221;default&#8221; button_one_url_type=&#8221;download&#8221; button_one_url_new_window=&#8221;on&#8221; title_text=&#8221;04.05.03-Orientac\u0327a\u0303o_Pre\u0301_e_Po\u0301s_Aneste\u0301sicasA4 &#8211; Adultos Internados&#8221; button_one_download_file=&#8221;https:\/\/saaraclinica.com.br\/wp-content\/uploads\/2025\/06\/04.05.03-Orientacao_Pre_e_Pos_AnestesicasA4-Adultos-Internados.pdf&#8221; button_one_text=&#8221;Adultos Internados&#8221; custom_button_one=&#8221;on&#8221; button_one_text_size=&#8221;16px&#8221; button_one_text_color=&#8221;#92522D&#8221; button_one_border_radius=&#8221;30px&#8221; button_one_use_icon=&#8221;off&#8221; button_one_border_color__hover_enabled=&#8221;on|hover&#8221; hover_enabled=&#8221;0&#8243; sticky_enabled=&#8221;0&#8243; button_one_border_color__hover=&#8221;RGBA(255,255,255,0)&#8221; button_one_bg_color__hover_enabled=&#8221;on|hover&#8221; button_one_bg_color__hover=&#8221;#92522D&#8221; button_one_bg_enable_color__hover=&#8221;on&#8221; button_one_text_color__hover_enabled=&#8221;on|hover&#8221; button_one_text_color__hover=&#8221;#FBF4F3&#8243; button_alignment=&#8221;center&#8221;][\/dsm_button][\/et_pb_column][et_pb_column type=&#8221;1_4&#8243; _builder_version=&#8221;4.27.4&#8243; _module_preset=&#8221;default&#8221; global_colors_info=&#8221;{}&#8221;][dsm_button _builder_version=&#8221;4.27.4&#8243; _module_preset=&#8221;default&#8221; button_one_url_type=&#8221;download&#8221; button_one_url_new_window=&#8221;on&#8221; title_text=&#8221;04.05.03-Orientac\u0327a\u0303o_Pre\u0301_e_Po\u0301s_Aneste\u0301sicasA4 &#8211; Adultos Ambulatoriais&#8221; button_one_download_file=&#8221;https:\/\/saaraclinica.com.br\/wp-content\/uploads\/2025\/06\/04.05.03-Orientacao_Pre_e_Pos_AnestesicasA4-Adultos-Ambulatoriais.pdf&#8221; button_one_text=&#8221;Adultos Ambulatoriais&#8221; custom_button_one=&#8221;on&#8221; button_one_text_size=&#8221;16px&#8221; button_one_text_color=&#8221;#92522D&#8221; button_one_border_radius=&#8221;30px&#8221; button_one_use_icon=&#8221;off&#8221; button_one_border_color__hover_enabled=&#8221;on|hover&#8221; hover_enabled=&#8221;0&#8243; sticky_enabled=&#8221;0&#8243; button_one_border_color__hover=&#8221;RGBA(255,255,255,0)&#8221; button_one_bg_color__hover_enabled=&#8221;on|hover&#8221; button_one_bg_color__hover=&#8221;#92522D&#8221; button_one_bg_enable_color__hover=&#8221;on&#8221; button_one_text_color__hover_enabled=&#8221;on|hover&#8221; button_one_text_color__hover=&#8221;#FBF4F3&#8243; button_alignment=&#8221;center&#8221;][\/dsm_button][\/et_pb_column][et_pb_column type=&#8221;1_4&#8243; _builder_version=&#8221;4.27.4&#8243; _module_preset=&#8221;default&#8221; global_colors_info=&#8221;{}&#8221;][dsm_button _builder_version=&#8221;4.27.4&#8243; _module_preset=&#8221;default&#8221; button_one_url_type=&#8221;download&#8221; button_one_url_new_window=&#8221;on&#8221; title_text=&#8221;Orienta\u00e7\u00e3o_Pr\u00e9_e_P\u00f3s_Anest\u00e9sicasA4 &#8211; Exames Diagn\u00f3sticos de Imagem&#8221; button_one_download_file=&#8221;https:\/\/saaraclinica.com.br\/wp-content\/uploads\/2025\/06\/Orientacao_Pre_e_Pos_AnestesicasA4-Exames-Diagnosticos-de-Imagem.pdf&#8221; button_one_text=&#8221;Exames Diagn\u00f3sticos de Imagem&#8221; custom_button_one=&#8221;on&#8221; button_one_text_size=&#8221;16px&#8221; button_one_text_color=&#8221;#92522D&#8221; button_one_border_radius=&#8221;30px&#8221; button_one_use_icon=&#8221;off&#8221; button_one_border_color__hover_enabled=&#8221;on|hover&#8221; hover_enabled=&#8221;0&#8243; sticky_enabled=&#8221;0&#8243; button_one_border_color__hover=&#8221;RGBA(255,255,255,0)&#8221; button_one_bg_color__hover_enabled=&#8221;on|hover&#8221; button_one_bg_color__hover=&#8221;#92522D&#8221; button_one_bg_enable_color__hover=&#8221;on&#8221; button_one_text_color__hover_enabled=&#8221;on|hover&#8221; button_one_text_color__hover=&#8221;#FBF4F3&#8243; button_alignment=&#8221;center&#8221;][\/dsm_button][\/et_pb_column][\/et_pb_row][\/et_pb_section][et_pb_section fb_built=&#8221;1&#8243; _builder_version=&#8221;4.27.4&#8243; _module_preset=&#8221;default&#8221; background_color=&#8221;#92522D&#8221; background_image=&#8221;https:\/\/saaraclinica.com.br\/wp-content\/uploads\/2025\/06\/Grafismo_5.png&#8221; background_size=&#8221;initial&#8221; background_position=&#8221;center_right&#8221; global_colors_info=&#8221;{}&#8221;][et_pb_row _builder_version=&#8221;4.27.4&#8243; _module_preset=&#8221;default&#8221; width_tablet=&#8221;&#8221; width_phone=&#8221;&#8221; width_last_edited=&#8221;on|desktop&#8221; max_width=&#8221;1200px&#8221; module_alignment=&#8221;center&#8221; global_colors_info=&#8221;{}&#8221;][et_pb_column type=&#8221;4_4&#8243; _builder_version=&#8221;4.27.4&#8243; _module_preset=&#8221;default&#8221; global_colors_info=&#8221;{}&#8221;][et_pb_text _builder_version=&#8221;4.27.4&#8243; _module_preset=&#8221;_initial&#8221; header_text_color=&#8221;#3B200A&#8221; header_font_size=&#8221;42px&#8221; header_2_text_color=&#8221;#FFFFFF&#8221; header_2_font_size=&#8221;33px&#8221; header_3_font_size=&#8221;26px&#8221; header_4_font_size=&#8221;20px&#8221; global_colors_info=&#8221;{}&#8221;]<\/p>\n<h2>D\u00favidas Frequentes<\/h2>\n<p>[\/et_pb_text][\/et_pb_column][\/et_pb_row][et_pb_row _builder_version=&#8221;4.27.4&#8243; _module_preset=&#8221;default&#8221; max_width=&#8221;1200px&#8221; global_colors_info=&#8221;{}&#8221;][et_pb_column type=&#8221;4_4&#8243; _builder_version=&#8221;4.27.4&#8243; _module_preset=&#8221;default&#8221; global_colors_info=&#8221;{}&#8221;][et_pb_accordion icon_color=&#8221;#92522D&#8221; _builder_version=&#8221;4.27.4&#8243; _module_preset=&#8221;default&#8221; border_radii=&#8221;on|40px|40px|40px|40px&#8221; global_colors_info=&#8221;{}&#8221;][et_pb_accordion_item title=&#8221;Quais s\u00e3o os tipos de anestesia e qual ser\u00e1 usada no meu caso?&#8221; open=&#8221;on&#8221; open_toggle_text_color=&#8221;#92522D&#8221; open_toggle_background_color=&#8221;#FBF4F3&#8243; closed_toggle_text_color=&#8221;#92522D&#8221; closed_toggle_background_color=&#8221;#FBF4F3&#8243; icon_color=&#8221;#92522D&#8221; toggle_icon=&#8221;&#x4c;||divi||400&#8243; _builder_version=&#8221;4.27.4&#8243; _module_preset=&#8221;default&#8221; global_colors_info=&#8221;{}&#8221; toggle_text_color=&#8221;#92522D&#8221; toggle_level=&#8221;h3&#8243;]<\/p>\n<p>A t\u00e9cnica depende do tipo de cirurgia, do seu estado de sa\u00fade e da avalia\u00e7\u00e3o do anestesiologista. Pode ser geral, regional (raqui, peridural) ou seda\u00e7\u00e3o.<\/p>\n<p>[\/et_pb_accordion_item][et_pb_accordion_item title=&#8221;A anestesia \u00e9 segura?&#8221; open_toggle_text_color=&#8221;#92522D&#8221; open_toggle_background_color=&#8221;#FBF4F3&#8243; closed_toggle_text_color=&#8221;#92522D&#8221; closed_toggle_background_color=&#8221;#FBF4F3&#8243; icon_color=&#8221;#92522D&#8221; toggle_icon=&#8221;&#x4c;||divi||400&#8243; _builder_version=&#8221;4.27.4&#8243; _module_preset=&#8221;default&#8221; global_colors_info=&#8221;{}&#8221; toggle_text_color=&#8221;#92522D&#8221; toggle_level=&#8221;h3&#8243; open=&#8221;off&#8221;]<\/p>\n<p>Sim. Com os avan\u00e7os da medicina, os riscos s\u00e3o muito baixos, principalmente ap\u00f3s uma boa avalia\u00e7\u00e3o pr\u00e9via. Seguimos protocolos rigorosos para garantir sua seguran\u00e7a.<\/p>\n<p>[\/et_pb_accordion_item][et_pb_accordion_item title=&#8221;Quais s\u00e3o os poss\u00edveis efeitos colaterais?&#8221; open_toggle_text_color=&#8221;#92522D&#8221; open_toggle_background_color=&#8221;#FBF4F3&#8243; closed_toggle_text_color=&#8221;#92522D&#8221; closed_toggle_background_color=&#8221;#FBF4F3&#8243; icon_color=&#8221;#92522D&#8221; toggle_icon=&#8221;&#x4c;||divi||400&#8243; _builder_version=&#8221;4.27.4&#8243; _module_preset=&#8221;default&#8221; global_colors_info=&#8221;{}&#8221; toggle_text_color=&#8221;#92522D&#8221; toggle_level=&#8221;h3&#8243; open=&#8221;off&#8221;]<\/p>\n<p>Os mais comuns s\u00e3o enjoo, sonol\u00eancia, dor de cabe\u00e7a ou coceira. Casos mais graves s\u00e3o raros e geralmente evit\u00e1veis com o preparo adequado.<\/p>\n<p>[\/et_pb_accordion_item][et_pb_accordion_item title=&#8221;Tenho doen\u00e7as como hipertens\u00e3o ou diabetes. Isso interfere?&#8221; open_toggle_text_color=&#8221;#92522D&#8221; open_toggle_background_color=&#8221;#FBF4F3&#8243; closed_toggle_text_color=&#8221;#92522D&#8221; closed_toggle_background_color=&#8221;#FBF4F3&#8243; icon_color=&#8221;#92522D&#8221; toggle_icon=&#8221;&#x4c;||divi||400&#8243; _builder_version=&#8221;4.27.4&#8243; _module_preset=&#8221;default&#8221; global_colors_info=&#8221;{}&#8221; toggle_text_color=&#8221;#92522D&#8221; toggle_level=&#8221;h3&#8243; open=&#8221;off&#8221;]<\/p>\n<p>Sim, mas n\u00e3o impede o procedimento. Essas condi\u00e7\u00f5es ser\u00e3o avaliadas com cuidado na consulta pr\u00e9-anest\u00e9sica para ajustar o plano de anestesia.<\/p>\n<p>[\/et_pb_accordion_item][et_pb_accordion_item title=&#8221;Posso comer ou tomar meus rem\u00e9dios normalmente antes da cirurgia?&#8221; open_toggle_text_color=&#8221;#92522D&#8221; open_toggle_background_color=&#8221;#FBF4F3&#8243; closed_toggle_text_color=&#8221;#92522D&#8221; closed_toggle_background_color=&#8221;#FBF4F3&#8243; icon_color=&#8221;#92522D&#8221; toggle_icon=&#8221;&#x4c;||divi||400&#8243; _builder_version=&#8221;4.27.4&#8243; _module_preset=&#8221;default&#8221; global_colors_info=&#8221;{}&#8221; toggle_text_color=&#8221;#92522D&#8221; toggle_level=&#8221;h3&#8243; open=&#8221;off&#8221;]<\/p>\n<p>N\u00e3o. O jejum e uso de medicamentos devem seguir a orienta\u00e7\u00e3o da equipe m\u00e9dica. Algumas medica\u00e7\u00f5es precisam ser suspensas ou ajustadas.<\/p>\n<p>[\/et_pb_accordion_item][et_pb_accordion_item title=&#8221;Preciso de acompanhante depois da cirurgia?&#8221; open_toggle_text_color=&#8221;#92522D&#8221; open_toggle_background_color=&#8221;#FBF4F3&#8243; closed_toggle_text_color=&#8221;#92522D&#8221; closed_toggle_background_color=&#8221;#FBF4F3&#8243; icon_color=&#8221;#92522D&#8221; toggle_icon=&#8221;&#x4c;||divi||400&#8243; _builder_version=&#8221;4.27.4&#8243; _module_preset=&#8221;default&#8221; global_colors_info=&#8221;{}&#8221; toggle_text_color=&#8221;#92522D&#8221; toggle_level=&#8221;h3&#8243; open=&#8221;off&#8221;]<\/p>\n<p>\u00a0Sim. Voc\u00ea deve estar acompanhado para garantir sua seguran\u00e7a at\u00e9 a recupera\u00e7\u00e3o completa dos efeitos da anestesia.<\/p>\n<p>[\/et_pb_accordion_item][\/et_pb_accordion][\/et_pb_column][\/et_pb_row][\/et_pb_section]<\/p>\n","protected":false},"excerpt":{"rendered":"<p>\u00c1rea do Paciente<div class=\"et_pb_module dsm_floating_multi_images dsm_floating_multi_images_0\">\n\t\t\t\t\n\t\t\t\t\n\t\t\t\t\n\t\t\t\t\n\t\t\t\t\n\t\t\t\t\n\t\t\t\t<div class=\"et_pb_module_inner\">\n\t\t\t\t\t<div class=\"dsm_floating_multi_images_container\"><div class=\"et_pb_module dsm_floating_multi_images_child dsm_floating_multi_images_child_0\">\n\t\t\t\t\n\t\t\t\t\n\t\t\t\t\n\t\t\t\t\n\t\t\t\t\n\t\t\t\t\n\t\t\t\t<div class=\"et_pb_module_inner\">\n\t\t\t\t\t<img decoding=\"async\" src=\"https:\/\/saaraclinica.com.br\/wp-content\/uploads\/2025\/06\/iStock-1473155464-1.jpg\" alt=\"\" \/>\n\t\t\t\t<\/div>\n\t\t\t<\/div><\/div>\n\t\t\t\t<\/div>\n\t\t\t<\/div>Estamos com voc\u00ea em cada passo da sua jornadaCuidar de voc\u00ea \u00e9 nossa prioridade. Por isso, h\u00e1 d\u00e9cadas oferecemos um processo de anestesia mais seguro, humano e tranquilo, para que voc\u00ea se sinta amparado antes, durante e depois do seu procedimento.Orienta\u00e7\u00f5es de cuidadoEste \u00e9 [&hellip;]<\/p>\n","protected":false},"author":1,"featured_media":0,"parent":0,"menu_order":0,"comment_status":"closed","ping_status":"closed","template":"","meta":{"_et_pb_use_builder":"on","_et_pb_old_content":"","_et_gb_content_width":"","footnotes":""},"class_list":["post-370","page","type-page","status-publish","hentry"],"_links":{"self":[{"href":"https:\/\/saaraclinica.com.br\/index.php\/wp-json\/wp\/v2\/pages\/370","targetHints":{"allow":["GET"]}}],"collection":[{"href":"https:\/\/saaraclinica.com.br\/index.php\/wp-json\/wp\/v2\/pages"}],"about":[{"href":"https:\/\/saaraclinica.com.br\/index.php\/wp-json\/wp\/v2\/types\/page"}],"author":[{"embeddable":true,"href":"https:\/\/saaraclinica.com.br\/index.php\/wp-json\/wp\/v2\/users\/1"}],"replies":[{"embeddable":true,"href":"https:\/\/saaraclinica.com.br\/index.php\/wp-json\/wp\/v2\/comments?post=370"}],"version-history":[{"count":3,"href":"https:\/\/saaraclinica.com.br\/index.php\/wp-json\/wp\/v2\/pages\/370\/revisions"}],"predecessor-version":[{"id":393,"href":"https:\/\/saaraclinica.com.br\/index.php\/wp-json\/wp\/v2\/pages\/370\/revisions\/393"}],"wp:attachment":[{"href":"https:\/\/saaraclinica.com.br\/index.php\/wp-json\/wp\/v2\/media?parent=370"}],"curies":[{"name":"wp","href":"https:\/\/api.w.org\/{rel}","templated":true}]}}